{"id":28,"date":"2025-01-31T07:59:31","date_gmt":"2025-01-31T13:59:31","guid":{"rendered":"https:\/\/ca.setorreciclagem.com.br\/?page_id=28"},"modified":"2025-04-01T14:16:56","modified_gmt":"2025-04-01T19:16:56","slug":"contact-us","status":"publish","type":"page","link":"https:\/\/ca.setorreciclagem.com.br\/fr\/contact-us\/","title":{"rendered":"Contact Us"},"content":{"rendered":"<p>Hello! \ud83d\ude0a<br>Need to get in touch with the <strong><span style=\"color: rgb(68, 68, 68);\">Tech Man<\/span><\/strong> team? We\u2019re here to help you discover, explore, and enjoy the best tools and apps that make everyday life smarter and simpler.<\/p>\n\n\n\n<p>Whether you have a question, suggestion, or just want to share your thoughts\u2014we\u2019d love to hear from you!<\/p>\n\n\n\n<hr class=\"wp-block-separator has-alpha-channel-opacity\"\/>\n\n\n\n<p><strong>\ud83d\udce7 Email:<\/strong> <a href=\"mailto:contato@artereciclada.com.br\" data-type=\"mailto\" data-id=\"mailto:contato@artereciclada.com.br\">contato@artereciclada.com.br<\/a><br><strong>\ud83d\udd50 Business Hours:<\/strong> Monday to Friday, from 8 AM to 5 PM (BRT)<\/p>\n\n\n\n<hr class=\"wp-block-separator has-alpha-channel-opacity\"\/>\n\n\n\n<p>Send us your message and we\u2019ll get back to you as soon as possible.<br>Together, we make tech more useful, intuitive, and empowering for men everywhere. \ud83d\udca1\u2728<\/p>\n\n\n\n<hr class=\"wp-block-separator has-alpha-channel-opacity\"\/>\n\n\n\n<p>Se quiser, posso tamb\u00e9m criar um formul\u00e1rio de contato simples em HTML para incorporar na p\u00e1gina. Deseja que eu adicione isso?<\/p>","protected":false},"excerpt":{"rendered":"<p>Hello! \ud83d\ude0aNeed to get in touch with the Tech Man team? We\u2019re here to help you discover, explore, and enjoy the best tools and apps that make everyday life smarter and simpler. Whether you have a question, suggestion, or just want to share your thoughts\u2014we\u2019d love to hear from you! \ud83d\udce7 Email: contato@artereciclada.com.br\ud83d\udd50 Business Hours: [&hellip;]<\/p>","protected":false},"author":3,"featured_media":119,"parent":0,"menu_order":0,"comment_status":"closed","ping_status":"closed","template":"","meta":{"footnotes":""},"class_list":["post-28","page","type-page","status-publish","has-post-thumbnail","hentry"],"blocksy_meta":[],"_links":{"self":[{"href":"https:\/\/ca.setorreciclagem.com.br\/fr\/wp-json\/wp\/v2\/pages\/28","targetHints":{"allow":["GET"]}}],"collection":[{"href":"https:\/\/ca.setorreciclagem.com.br\/fr\/wp-json\/wp\/v2\/pages"}],"about":[{"href":"https:\/\/ca.setorreciclagem.com.br\/fr\/wp-json\/wp\/v2\/types\/page"}],"author":[{"embeddable":true,"href":"https:\/\/ca.setorreciclagem.com.br\/fr\/wp-json\/wp\/v2\/users\/3"}],"replies":[{"embeddable":true,"href":"https:\/\/ca.setorreciclagem.com.br\/fr\/wp-json\/wp\/v2\/comments?post=28"}],"version-history":[{"count":4,"href":"https:\/\/ca.setorreciclagem.com.br\/fr\/wp-json\/wp\/v2\/pages\/28\/revisions"}],"predecessor-version":[{"id":320,"href":"https:\/\/ca.setorreciclagem.com.br\/fr\/wp-json\/wp\/v2\/pages\/28\/revisions\/320"}],"wp:featuredmedia":[{"embeddable":true,"href":"https:\/\/ca.setorreciclagem.com.br\/fr\/wp-json\/wp\/v2\/media\/119"}],"wp:attachment":[{"href":"https:\/\/ca.setorreciclagem.com.br\/fr\/wp-json\/wp\/v2\/media?parent=28"}],"curies":[{"name":"wp","href":"https:\/\/api.w.org\/{rel}","templated":true}]}}